{"id":7,"date":"2026-03-06T12:00:51","date_gmt":"2026-03-06T12:00:51","guid":{"rendered":"https:\/\/danieljesuslorenzo.rkinformatika.online\/?page_id=7"},"modified":"2026-03-06T16:44:01","modified_gmt":"2026-03-06T16:44:01","slug":"servicios","status":"publish","type":"page","link":"https:\/\/danieljesuslorenzo.com\/en\/servicios\/","title":{"rendered":"Services"},"content":{"rendered":"<div data-elementor-type=\"wp-page\" data-elementor-id=\"7\" class=\"elementor elementor-7\" data-elementor-post-type=\"page\">\n\t\t\t\t<div class=\"elementor-element elementor-element-83487b3 e-flex e-con-boxed e-con e-parent\" data-id=\"83487b3\" data-element_type=\"container\" data-e-type=\"container\" data-settings=\"{&quot;background_background&quot;:&quot;classic&quot;,&quot;animation&quot;:&quot;none&quot;}\">\n\t\t\t\t\t<div class=\"e-con-inner\">\n\t\t\t\t\t<\/div>\n\t\t\t\t<\/div>\n\t\t<div class=\"elementor-element elementor-element-82d725b e-flex e-con-boxed e-con e-parent\" data-id=\"82d725b\" data-element_type=\"container\" data-e-type=\"container\">\n\t\t\t\t\t<div class=\"e-con-inner\">\n\t\t\t\t<div class=\"elementor-element elementor-element-8a2b2d9 elementor-widget__width-initial elementor-invisible elementor-widget elementor-widget-heading\" data-id=\"8a2b2d9\" data-element_type=\"widget\" data-e-type=\"widget\" data-settings=\"{&quot;_animation&quot;:&quot;fadeInDown&quot;}\" data-widget_type=\"heading.default\">\n\t\t\t\t\t<h2 class=\"elementor-heading-title elementor-size-default\">Services<\/h2>\t\t\t\t<\/div>\n\t\t\t\t\t<\/div>\n\t\t\t\t<\/div>\n\t\t<div class=\"elementor-element elementor-element-1b7d10f e-con-full e-flex e-con e-parent\" data-id=\"1b7d10f\" data-element_type=\"container\" data-e-type=\"container\">\n\t\t\t\t<div class=\"elementor-element elementor-element-f8e22a7 elementor-widget elementor-widget-eael-image-accordion\" data-id=\"f8e22a7\" data-element_type=\"widget\" data-e-type=\"widget\" data-widget_type=\"eael-image-accordion.default\">\n\t\t\t\t\t    <div class=\"eael-img-accordion accordion-direction-horizontal eael-img-accordion-horizontal-align-center eael-img-accordion-vertical-align-\" id=\"eael-img-accordion-f8e22a7\" data-img-accordion-id=\"f8e22a7\" data-img-accordion-type=\"on-hover\">\n                    \n            <div class=\"eael-image-accordion-hover eael-image-accordion-item\" style=\"background-image: url(https:\/\/danieljesuslorenzo.com\/wp-content\/uploads\/2026\/03\/56288.jpg);\"  tabindex=\"0\">\n                <div class=\"overlay\">\n                                        <div class=\"overlay-inner\">\n                        <h2 class=\"img-accordion-title\">Visitas Guiadas<\/h2>                    <\/div>\n                <\/div>\n            <\/div>\n                    \n            <div class=\"eael-image-accordion-hover eael-image-accordion-item\" style=\"background-image: url(https:\/\/danieljesuslorenzo.com\/wp-content\/uploads\/2026\/03\/14127.jpg);\"  tabindex=\"0\">\n                <div class=\"overlay\">\n                                        <div class=\"overlay-inner\">\n                        <h2 class=\"img-accordion-title\">Acompa\u00f1amiento<\/h2>                    <\/div>\n                <\/div>\n            <\/div>\n                    \n            <div class=\"eael-image-accordion-hover eael-image-accordion-item\" style=\"background-image: url(https:\/\/danieljesuslorenzo.com\/wp-content\/uploads\/2026\/03\/3175.jpg);\"  tabindex=\"0\">\n                <div class=\"overlay\">\n                                        <div class=\"overlay-inner\">\n                        <h2 class=\"img-accordion-title\">Explicaci\u00f3n cultural e hist\u00f3rica<\/h2>                    <\/div>\n                <\/div>\n            <\/div>\n                    \n            <div class=\"eael-image-accordion-hover eael-image-accordion-item\" style=\"background-image: url(https:\/\/danieljesuslorenzo.com\/wp-content\/uploads\/2026\/03\/8494.jpg);\"  tabindex=\"0\">\n                <div class=\"overlay\">\n                                        <div class=\"overlay-inner\">\n                        <h2 class=\"img-accordion-title\">Organizaci\u00f3n de recorridos<\/h2>                    <\/div>\n                <\/div>\n            <\/div>\n                    \n            <div class=\"eael-image-accordion-hover eael-image-accordion-item\" style=\"background-image: url(https:\/\/danieljesuslorenzo.com\/wp-content\/uploads\/2026\/03\/2148656238.jpg);\"  tabindex=\"0\">\n                <div class=\"overlay\">\n                                        <div class=\"overlay-inner\">\n                        <h2 class=\"img-accordion-title\">Organizaci\u00f3n de atenci\u00f3n personalizada<\/h2>                    <\/div>\n                <\/div>\n            <\/div>\n                <\/div>\n        <style typr=\"text\/css\">\n                    #eael-img-accordion-f8e22a7 .eael-image-accordion-hover:hover {\n                        flex: 3 1 0% !important;\n                    }\n                    #eael-img-accordion-f8e22a7 .eael-image-accordion-hover:hover:hover .overlay-inner * {\n                        opacity: 1;\n                        visibility: visible;\n                        transform: none;\n                        transition: all .3s .3s;\n                    }\n                <\/style>\t\t\t\t<\/div>\n\t\t\t\t<\/div>\n\t\t<div class=\"elementor-element elementor-element-4082004 e-flex e-con-boxed e-con e-parent\" data-id=\"4082004\" data-element_type=\"container\" data-e-type=\"container\" data-settings=\"{&quot;background_background&quot;:&quot;classic&quot;}\">\n\t\t\t\t\t<div class=\"e-con-inner\">\n\t\t<div class=\"elementor-element elementor-element-06cab4a e-con-full e-flex e-con e-child\" data-id=\"06cab4a\" data-element_type=\"container\" data-e-type=\"container\">\n\t\t\t\t<div class=\"elementor-element elementor-element-3c3d44f elementor-invisible elementor-widget elementor-widget-heading\" data-id=\"3c3d44f\" data-element_type=\"widget\" data-e-type=\"widget\" data-settings=\"{&quot;_animation&quot;:&quot;fadeInLeft&quot;}\" data-widget_type=\"heading.default\">\n\t\t\t\t\t<h2 class=\"elementor-heading-title elementor-size-default\">\u00a1Tu aventura en Tenerife y La Gomera empieza aqu\u00ed!<\/h2>\t\t\t\t<\/div>\n\t\t\t\t<div class=\"elementor-element elementor-element-1e355a4 elementor-align-center elementor-invisible elementor-widget elementor-widget-button\" data-id=\"1e355a4\" data-element_type=\"widget\" data-e-type=\"widget\" data-settings=\"{&quot;_animation&quot;:&quot;fadeInLeft&quot;}\" data-widget_type=\"button.default\">\n\t\t\t\t\t\t\t\t\t\t<a class=\"elementor-button elementor-button-link elementor-size-sm\" href=\"\/en\/Contacto\/\">\n\t\t\t\t\t\t<span class=\"elementor-button-content-wrapper\">\n\t\t\t\t\t\t\t\t\t<span class=\"elementor-button-text\">Contactar<\/span>\n\t\t\t\t\t<\/span>\n\t\t\t\t\t<\/a>\n\t\t\t\t\t\t\t\t<\/div>\n\t\t\t\t<\/div>\n\t\t\t\t\t<\/div>\n\t\t\t\t<\/div>\n\t\t\t\t<\/div>","protected":false},"excerpt":{"rendered":"<p>Servicios Visitas Guiadas Acompa\u00f1amiento Explicaci\u00f3n cultural e hist\u00f3rica Organizaci\u00f3n de recorridos Organizaci\u00f3n de atenci\u00f3n personalizada \u00a1Tu aventura en Tenerife y La Gomera empieza aqu\u00ed! Contactar<\/p>","protected":false},"author":1,"featured_media":0,"parent":0,"menu_order":0,"comment_status":"closed","ping_status":"closed","template":"elementor_canvas","meta":{"footnotes":""},"class_list":["post-7","page","type-page","status-publish","hentry"],"yoast_head":"<!-- This site is optimized with the Yoast SEO plugin v27.4 - https:\/\/yoast.com\/product\/yoast-seo-wordpress\/ -->\n<title>Servicios - Daniel Jesus Lorenzo Martin<\/title>\n<meta name=\"robots\" content=\"index, follow, max-snippet:-1, max-image-preview:large, max-video-preview:-1\" \/>\n<link rel=\"canonical\" href=\"https:\/\/danieljesuslorenzo.com\/en\/servicios\/\" \/>\n<meta property=\"og:locale\" content=\"en_GB\" \/>\n<meta property=\"og:type\" content=\"article\" \/>\n<meta property=\"og:title\" content=\"Servicios - Daniel Jesus Lorenzo Martin\" \/>\n<meta property=\"og:description\" content=\"Servicios Visitas Guiadas Acompa\u00f1amiento Explicaci\u00f3n cultural e hist\u00f3rica Organizaci\u00f3n de recorridos Organizaci\u00f3n de atenci\u00f3n personalizada \u00a1Tu aventura en Tenerife y La Gomera empieza aqu\u00ed! Contactar\" \/>\n<meta property=\"og:url\" content=\"https:\/\/danieljesuslorenzo.com\/en\/servicios\/\" \/>\n<meta property=\"og:site_name\" content=\"Daniel Jesus Lorenzo Martin\" \/>\n<meta property=\"article:modified_time\" content=\"2026-03-06T16:44:01+00:00\" \/>\n<meta name=\"twitter:card\" content=\"summary_large_image\" \/>\n<meta name=\"twitter:label1\" content=\"Estimated reading time\" \/>\n\t<meta name=\"twitter:data1\" content=\"1 minute\" \/>\n<script type=\"application\/ld+json\" class=\"yoast-schema-graph\">{\"@context\":\"https:\\\/\\\/schema.org\",\"@graph\":[{\"@type\":\"WebPage\",\"@id\":\"https:\\\/\\\/danieljesuslorenzo.com\\\/servicios\\\/\",\"url\":\"https:\\\/\\\/danieljesuslorenzo.com\\\/servicios\\\/\",\"name\":\"Servicios - Daniel Jesus Lorenzo Martin\",\"isPartOf\":{\"@id\":\"https:\\\/\\\/danieljesuslorenzo.com\\\/#website\"},\"datePublished\":\"2026-03-06T12:00:51+00:00\",\"dateModified\":\"2026-03-06T16:44:01+00:00\",\"breadcrumb\":{\"@id\":\"https:\\\/\\\/danieljesuslorenzo.com\\\/servicios\\\/#breadcrumb\"},\"inLanguage\":\"en-GB\",\"potentialAction\":[{\"@type\":\"ReadAction\",\"target\":[\"https:\\\/\\\/danieljesuslorenzo.com\\\/servicios\\\/\"]}]},{\"@type\":\"BreadcrumbList\",\"@id\":\"https:\\\/\\\/danieljesuslorenzo.com\\\/servicios\\\/#breadcrumb\",\"itemListElement\":[{\"@type\":\"ListItem\",\"position\":1,\"name\":\"Portada\",\"item\":\"https:\\\/\\\/danieljesuslorenzo.com\\\/\"},{\"@type\":\"ListItem\",\"position\":2,\"name\":\"Servicios\"}]},{\"@type\":\"WebSite\",\"@id\":\"https:\\\/\\\/danieljesuslorenzo.com\\\/#website\",\"url\":\"https:\\\/\\\/danieljesuslorenzo.com\\\/\",\"name\":\"Daniel Jesus Lorenzo Martin\",\"description\":\"Daniel Jesus Lorenzo Martin\",\"publisher\":{\"@id\":\"https:\\\/\\\/danieljesuslorenzo.com\\\/#organization\"},\"potentialAction\":[{\"@type\":\"SearchAction\",\"target\":{\"@type\":\"EntryPoint\",\"urlTemplate\":\"https:\\\/\\\/danieljesuslorenzo.com\\\/?s={search_term_string}\"},\"query-input\":{\"@type\":\"PropertyValueSpecification\",\"valueRequired\":true,\"valueName\":\"search_term_string\"}}],\"inLanguage\":\"en-GB\"},{\"@type\":\"Organization\",\"@id\":\"https:\\\/\\\/danieljesuslorenzo.com\\\/#organization\",\"name\":\"Daniel Jesus Lorenzo Martin\",\"url\":\"https:\\\/\\\/danieljesuslorenzo.com\\\/\",\"logo\":{\"@type\":\"ImageObject\",\"inLanguage\":\"en-GB\",\"@id\":\"https:\\\/\\\/danieljesuslorenzo.com\\\/#\\\/schema\\\/logo\\\/image\\\/\",\"url\":\"https:\\\/\\\/danieljesuslorenzo.com\\\/wp-content\\\/uploads\\\/2026\\\/03\\\/cropped-1.png\",\"contentUrl\":\"https:\\\/\\\/danieljesuslorenzo.com\\\/wp-content\\\/uploads\\\/2026\\\/03\\\/cropped-1.png\",\"width\":2000,\"height\":1619,\"caption\":\"Daniel Jesus Lorenzo Martin\"},\"image\":{\"@id\":\"https:\\\/\\\/danieljesuslorenzo.com\\\/#\\\/schema\\\/logo\\\/image\\\/\"}}]}<\/script>\n<!-- \/ Yoast SEO plugin. -->","yoast_head_json":{"title":"Servicios - Daniel Jesus Lorenzo Martin","robots":{"index":"index","follow":"follow","max-snippet":"max-snippet:-1","max-image-preview":"max-image-preview:large","max-video-preview":"max-video-preview:-1"},"canonical":"https:\/\/danieljesuslorenzo.com\/en\/servicios\/","og_locale":"en_GB","og_type":"article","og_title":"Servicios - Daniel Jesus Lorenzo Martin","og_description":"Servicios Visitas Guiadas Acompa\u00f1amiento Explicaci\u00f3n cultural e hist\u00f3rica Organizaci\u00f3n de recorridos Organizaci\u00f3n de atenci\u00f3n personalizada \u00a1Tu aventura en Tenerife y La Gomera empieza aqu\u00ed! Contactar","og_url":"https:\/\/danieljesuslorenzo.com\/en\/servicios\/","og_site_name":"Daniel Jesus Lorenzo Martin","article_modified_time":"2026-03-06T16:44:01+00:00","twitter_card":"summary_large_image","twitter_misc":{"Estimated reading time":"1 minute"},"schema":{"@context":"https:\/\/schema.org","@graph":[{"@type":"WebPage","@id":"https:\/\/danieljesuslorenzo.com\/servicios\/","url":"https:\/\/danieljesuslorenzo.com\/servicios\/","name":"Servicios - Daniel Jesus Lorenzo Martin","isPartOf":{"@id":"https:\/\/danieljesuslorenzo.com\/#website"},"datePublished":"2026-03-06T12:00:51+00:00","dateModified":"2026-03-06T16:44:01+00:00","breadcrumb":{"@id":"https:\/\/danieljesuslorenzo.com\/servicios\/#breadcrumb"},"inLanguage":"en-GB","potentialAction":[{"@type":"ReadAction","target":["https:\/\/danieljesuslorenzo.com\/servicios\/"]}]},{"@type":"BreadcrumbList","@id":"https:\/\/danieljesuslorenzo.com\/servicios\/#breadcrumb","itemListElement":[{"@type":"ListItem","position":1,"name":"Portada","item":"https:\/\/danieljesuslorenzo.com\/"},{"@type":"ListItem","position":2,"name":"Servicios"}]},{"@type":"WebSite","@id":"https:\/\/danieljesuslorenzo.com\/#website","url":"https:\/\/danieljesuslorenzo.com\/","name":"Daniel Jesus Lorenzo Martin","description":"Daniel Jesus Lorenzo Martin","publisher":{"@id":"https:\/\/danieljesuslorenzo.com\/#organization"},"potentialAction":[{"@type":"SearchAction","target":{"@type":"EntryPoint","urlTemplate":"https:\/\/danieljesuslorenzo.com\/?s={search_term_string}"},"query-input":{"@type":"PropertyValueSpecification","valueRequired":true,"valueName":"search_term_string"}}],"inLanguage":"en-GB"},{"@type":"Organization","@id":"https:\/\/danieljesuslorenzo.com\/#organization","name":"Daniel Jesus Lorenzo Martin","url":"https:\/\/danieljesuslorenzo.com\/","logo":{"@type":"ImageObject","inLanguage":"en-GB","@id":"https:\/\/danieljesuslorenzo.com\/#\/schema\/logo\/image\/","url":"https:\/\/danieljesuslorenzo.com\/wp-content\/uploads\/2026\/03\/cropped-1.png","contentUrl":"https:\/\/danieljesuslorenzo.com\/wp-content\/uploads\/2026\/03\/cropped-1.png","width":2000,"height":1619,"caption":"Daniel Jesus Lorenzo Martin"},"image":{"@id":"https:\/\/danieljesuslorenzo.com\/#\/schema\/logo\/image\/"}}]}},"_links":{"self":[{"href":"https:\/\/danieljesuslorenzo.com\/en\/wp-json\/wp\/v2\/pages\/7","targetHints":{"allow":["GET"]}}],"collection":[{"href":"https:\/\/danieljesuslorenzo.com\/en\/wp-json\/wp\/v2\/pages"}],"about":[{"href":"https:\/\/danieljesuslorenzo.com\/en\/wp-json\/wp\/v2\/types\/page"}],"author":[{"embeddable":true,"href":"https:\/\/danieljesuslorenzo.com\/en\/wp-json\/wp\/v2\/users\/1"}],"replies":[{"embeddable":true,"href":"https:\/\/danieljesuslorenzo.com\/en\/wp-json\/wp\/v2\/comments?post=7"}],"version-history":[{"count":88,"href":"https:\/\/danieljesuslorenzo.com\/en\/wp-json\/wp\/v2\/pages\/7\/revisions"}],"predecessor-version":[{"id":353,"href":"https:\/\/danieljesuslorenzo.com\/en\/wp-json\/wp\/v2\/pages\/7\/revisions\/353"}],"wp:attachment":[{"href":"https:\/\/danieljesuslorenzo.com\/en\/wp-json\/wp\/v2\/media?parent=7"}],"curies":[{"name":"wp","href":"https:\/\/api.w.org\/{rel}","templated":true}]}}