{"id":2,"date":"2026-03-06T11:50:06","date_gmt":"2026-03-06T11:50:06","guid":{"rendered":"https:\/\/danieljesuslorenzo.rkinformatika.online\/?page_id=2"},"modified":"2026-03-06T15:59:12","modified_gmt":"2026-03-06T15:59:12","slug":"inicio","status":"publish","type":"page","link":"https:\/\/danieljesuslorenzo.com\/en\/","title":{"rendered":"Home"},"content":{"rendered":"\t\t<div data-elementor-type=\"wp-page\" data-elementor-id=\"2\" class=\"elementor elementor-2\" data-elementor-post-type=\"page\">\n\t\t\t\t<div class=\"elementor-element elementor-element-c1c5adf e-con-full e-flex e-con e-parent\" data-id=\"c1c5adf\" data-element_type=\"container\" data-e-type=\"container\" data-settings=\"{&quot;background_background&quot;:&quot;slideshow&quot;,&quot;background_slideshow_gallery&quot;:[{&quot;id&quot;:191,&quot;url&quot;:&quot;https:\\\/\\\/danieljesuslorenzo.com\\\/wp-content\\\/uploads\\\/2026\\\/03\\\/136.jpg&quot;},{&quot;id&quot;:184,&quot;url&quot;:&quot;https:\\\/\\\/danieljesuslorenzo.com\\\/wp-content\\\/uploads\\\/2026\\\/03\\\/14774.jpg&quot;},{&quot;id&quot;:185,&quot;url&quot;:&quot;https:\\\/\\\/danieljesuslorenzo.com\\\/wp-content\\\/uploads\\\/2026\\\/03\\\/8165.jpg&quot;}],&quot;background_slideshow_loop&quot;:&quot;yes&quot;,&quot;background_slideshow_slide_duration&quot;:5000,&quot;background_slideshow_slide_transition&quot;:&quot;fade&quot;,&quot;background_slideshow_transition_duration&quot;:500}\">\n\t\t<div class=\"elementor-element elementor-element-ce0ab97 e-flex e-con-boxed e-con e-child\" data-id=\"ce0ab97\" data-element_type=\"container\" data-e-type=\"container\">\n\t\t\t\t\t<div class=\"e-con-inner\">\n\t\t\t\t<div class=\"elementor-element elementor-element-d4caefb elementor-invisible elementor-widget elementor-widget-heading\" data-id=\"d4caefb\" data-element_type=\"widget\" data-e-type=\"widget\" data-settings=\"{&quot;_animation&quot;:&quot;fadeInDown&quot;}\" data-widget_type=\"heading.default\">\n\t\t\t\t\t<h2 class=\"elementor-heading-title elementor-size-default\">Daniel Jes\u00fas Lorenzo Mart\u00edn<\/h2>\t\t\t\t<\/div>\n\t\t\t\t<div class=\"elementor-element elementor-element-c3c338b elementor-invisible elementor-widget elementor-widget-heading\" data-id=\"c3c338b\" data-element_type=\"widget\" data-e-type=\"widget\" data-settings=\"{&quot;_animation&quot;:&quot;fadeInRight&quot;}\" data-widget_type=\"heading.default\">\n\t\t\t\t\t<h2 class=\"elementor-heading-title elementor-size-default\">Gu\u00edas tur\u00edsticas en la Isla Canarias<\/h2>\t\t\t\t<\/div>\n\t\t\t\t\t<\/div>\n\t\t\t\t<\/div>\n\t\t\t\t<\/div>\n\t\t<div class=\"elementor-element elementor-element-ebaea71 e-flex e-con-boxed e-con e-parent\" data-id=\"ebaea71\" data-element_type=\"container\" data-e-type=\"container\">\n\t\t\t\t\t<div class=\"e-con-inner\">\n\t\t<div class=\"elementor-element elementor-element-679f035 e-con-full e-flex e-con e-child\" data-id=\"679f035\" data-element_type=\"container\" data-e-type=\"container\">\n\t\t\t\t<div class=\"elementor-element elementor-element-f58c70f elementor-widget__width-initial elementor-invisible elementor-widget elementor-widget-heading\" data-id=\"f58c70f\" data-element_type=\"widget\" data-e-type=\"widget\" data-settings=\"{&quot;_animation&quot;:&quot;fadeInDown&quot;}\" data-widget_type=\"heading.default\">\n\t\t\t\t\t<h2 class=\"elementor-heading-title elementor-size-default\">Tenerife y la Gomera<\/h2>\t\t\t\t<\/div>\n\t\t\t\t<div class=\"elementor-element elementor-element-fb2ed0d elementor-widget elementor-widget-text-editor\" data-id=\"fb2ed0d\" data-element_type=\"widget\" data-e-type=\"widget\" data-widget_type=\"text-editor.default\">\n\t\t\t\t\t\t\t\t\t<p>Como guia tur\u00edstico ya m\u00e1s de un a\u00f1o de actividad en Tenerife y la Gomera como int\u00e9rprete del patrimonio cultural y como informador tur\u00edstico, brindando informaci\u00f3n valiosa y compartiendo la riqueza hist\u00f3rica y cultural de estas hermosas islas con los visitantes.<\/p><p>Durante este tiempo, he tenido la oportunidad de conectar con turistas de diferentes or\u00edgenes, ofreci\u00e9ndoles una experiencia enriquecedora que resalta no solo la belleza paisaj\u00edstica, sino tambi\u00e9n las tradiciones y costumbres que hacen de este archipi\u00e9lago un lugar tan especial para explorar y disfrutar.<\/p>\t\t\t\t\t\t\t\t<\/div>\n\t\t\t\t<\/div>\n\t\t<div class=\"elementor-element elementor-element-0fb6560 e-con-full e-flex e-con e-child\" data-id=\"0fb6560\" data-element_type=\"container\" data-e-type=\"container\">\n\t\t\t\t<div class=\"elementor-element elementor-element-a114caa elementor-widget elementor-widget-image\" data-id=\"a114caa\" data-element_type=\"widget\" data-e-type=\"widget\" data-widget_type=\"image.default\">\n\t\t\t\t\t\t\t\t\t\t\t\t\t\t\t<img fetchpriority=\"high\" decoding=\"async\" width=\"1500\" height=\"1000\" src=\"https:\/\/danieljesuslorenzo.com\/wp-content\/uploads\/2026\/03\/329.jpg\" class=\"attachment-full size-full wp-image-190\" alt=\"\" srcset=\"https:\/\/danieljesuslorenzo.com\/wp-content\/uploads\/2026\/03\/329.jpg 1500w, https:\/\/danieljesuslorenzo.com\/wp-content\/uploads\/2026\/03\/329-300x200.jpg 300w, https:\/\/danieljesuslorenzo.com\/wp-content\/uploads\/2026\/03\/329-1024x683.jpg 1024w, https:\/\/danieljesuslorenzo.com\/wp-content\/uploads\/2026\/03\/329-768x512.jpg 768w, https:\/\/danieljesuslorenzo.com\/wp-content\/uploads\/2026\/03\/329-18x12.jpg 18w\" sizes=\"(max-width: 1500px) 100vw, 1500px\" \/>\t\t\t\t\t\t\t\t\t\t\t\t\t\t\t<\/div>\n\t\t\t\t<\/div>\n\t\t\t\t\t<\/div>\n\t\t\t\t<\/div>\n\t\t<div class=\"elementor-element elementor-element-908ef6b e-flex e-con-boxed e-con e-parent\" data-id=\"908ef6b\" data-element_type=\"container\" data-e-type=\"container\">\n\t\t\t\t\t<div class=\"e-con-inner\">\n\t\t<div class=\"elementor-element elementor-element-d97df61 e-con-full e-flex e-con e-child\" data-id=\"d97df61\" data-element_type=\"container\" data-e-type=\"container\">\n\t\t\t\t<div class=\"elementor-element elementor-element-ead33d4 elementor-cta--skin-cover elementor-animated-content elementor-bg-transform elementor-bg-transform-zoom-in elementor-widget elementor-widget-call-to-action\" data-id=\"ead33d4\" data-element_type=\"widget\" data-e-type=\"widget\" data-widget_type=\"call-to-action.default\">\n\t\t\t\t\t\t\t<div class=\"elementor-cta\">\n\t\t\t\t\t<div class=\"elementor-cta__bg-wrapper\">\n\t\t\t\t<div class=\"elementor-cta__bg elementor-bg\" style=\"background-image: url(https:\/\/danieljesuslorenzo.com\/wp-content\/uploads\/2026\/03\/27922.jpg);\" role=\"img\" aria-label=\"27922\"><\/div>\n\t\t\t\t<div class=\"elementor-cta__bg-overlay\"><\/div>\n\t\t\t<\/div>\n\t\t\t\t\t\t\t<div class=\"elementor-cta__content\">\n\t\t\t\t\n\t\t\t\t\t\t\t\t\t<h2 class=\"elementor-cta__title elementor-cta__content-item elementor-content-item elementor-animated-item--grow\">\n\t\t\t\t\t\t\u00a1Dos joyas canarias, una experiencia inolvidable!\t\t\t\t\t<\/h2>\n\t\t\t\t\n\t\t\t\t\n\t\t\t\t\t\t\t\t\t<div class=\"elementor-cta__button-wrapper elementor-cta__content-item elementor-content-item elementor-animated-item--grow\">\n\t\t\t\t\t<a class=\"elementor-cta__button elementor-button elementor-size-\" href=\"\/servicios\">\n\t\t\t\t\t\tServicios\t\t\t\t\t<\/a>\n\t\t\t\t\t<\/div>\n\t\t\t\t\t\t\t<\/div>\n\t\t\t\t\t\t<\/div>\n\t\t\t\t\t\t<\/div>\n\t\t\t\t<\/div>\n\t\t\t\t\t<\/div>\n\t\t\t\t<\/div>\n\t\t\t\t<\/div>\n\t\t","protected":false},"excerpt":{"rendered":"<p>Daniel Jes\u00fas Lorenzo Mart\u00edn Gu\u00edas tur\u00edsticas en la Isla Canarias Tenerife y la Gomera Como guia tur\u00edstico ya m\u00e1s de un a\u00f1o de actividad en Tenerife y la Gomera como int\u00e9rprete del patrimonio cultural y como informador tur\u00edstico, brindando informaci\u00f3n valiosa y compartiendo la riqueza hist\u00f3rica y cultural de estas hermosas islas con los visitantes. [&hellip;]<\/p>\n","protected":false},"author":1,"featured_media":0,"parent":0,"menu_order":0,"comment_status":"closed","ping_status":"closed","template":"elementor_canvas","meta":{"footnotes":""},"class_list":["post-2","page","type-page","status-publish","hentry"],"yoast_head":"<!-- This site is optimized with the Yoast SEO plugin v27.4 - https:\/\/yoast.com\/product\/yoast-seo-wordpress\/ -->\n<title>Inicio - Daniel Jesus Lorenzo Martin<\/title>\n<meta name=\"robots\" content=\"index, follow, max-snippet:-1, max-image-preview:large, max-video-preview:-1\" \/>\n<link rel=\"canonical\" href=\"https:\/\/danieljesuslorenzo.com\/en\/\" \/>\n<meta property=\"og:locale\" content=\"en_GB\" \/>\n<meta property=\"og:type\" content=\"article\" \/>\n<meta property=\"og:title\" content=\"Inicio - Daniel Jesus Lorenzo Martin\" \/>\n<meta property=\"og:description\" content=\"Daniel Jes\u00fas Lorenzo Mart\u00edn Gu\u00edas tur\u00edsticas en la Isla Canarias Tenerife y la Gomera Como guia tur\u00edstico ya m\u00e1s de un a\u00f1o de actividad en Tenerife y la Gomera como int\u00e9rprete del patrimonio cultural y como informador tur\u00edstico, brindando informaci\u00f3n valiosa y compartiendo la riqueza hist\u00f3rica y cultural de estas hermosas islas con los visitantes. [&hellip;]\" \/>\n<meta property=\"og:url\" content=\"https:\/\/danieljesuslorenzo.com\/en\/\" \/>\n<meta property=\"og:site_name\" content=\"Daniel Jesus Lorenzo Martin\" \/>\n<meta property=\"article:modified_time\" content=\"2026-03-06T15:59:12+00:00\" \/>\n<meta property=\"og:image\" content=\"https:\/\/danieljesuslorenzo.com\/wp-content\/uploads\/2026\/03\/329.jpg\" \/>\n<meta name=\"twitter:card\" content=\"summary_large_image\" \/>\n<meta name=\"twitter:label1\" content=\"Estimated reading time\" \/>\n\t<meta name=\"twitter:data1\" content=\"1 minute\" \/>\n<script type=\"application\/ld+json\" class=\"yoast-schema-graph\">{\"@context\":\"https:\\\/\\\/schema.org\",\"@graph\":[{\"@type\":\"WebPage\",\"@id\":\"https:\\\/\\\/danieljesuslorenzo.com\\\/\",\"url\":\"https:\\\/\\\/danieljesuslorenzo.com\\\/\",\"name\":\"Inicio - Daniel Jesus Lorenzo Martin\",\"isPartOf\":{\"@id\":\"https:\\\/\\\/danieljesuslorenzo.com\\\/#website\"},\"primaryImageOfPage\":{\"@id\":\"https:\\\/\\\/danieljesuslorenzo.com\\\/#primaryimage\"},\"image\":{\"@id\":\"https:\\\/\\\/danieljesuslorenzo.com\\\/#primaryimage\"},\"thumbnailUrl\":\"https:\\\/\\\/danieljesuslorenzo.com\\\/wp-content\\\/uploads\\\/2026\\\/03\\\/329.jpg\",\"datePublished\":\"2026-03-06T11:50:06+00:00\",\"dateModified\":\"2026-03-06T15:59:12+00:00\",\"breadcrumb\":{\"@id\":\"https:\\\/\\\/danieljesuslorenzo.com\\\/#breadcrumb\"},\"inLanguage\":\"en-GB\",\"potentialAction\":[{\"@type\":\"ReadAction\",\"target\":[\"https:\\\/\\\/danieljesuslorenzo.com\\\/\"]}]},{\"@type\":\"ImageObject\",\"inLanguage\":\"en-GB\",\"@id\":\"https:\\\/\\\/danieljesuslorenzo.com\\\/#primaryimage\",\"url\":\"https:\\\/\\\/danieljesuslorenzo.com\\\/wp-content\\\/uploads\\\/2026\\\/03\\\/329.jpg\",\"contentUrl\":\"https:\\\/\\\/danieljesuslorenzo.com\\\/wp-content\\\/uploads\\\/2026\\\/03\\\/329.jpg\"},{\"@type\":\"BreadcrumbList\",\"@id\":\"https:\\\/\\\/danieljesuslorenzo.com\\\/#breadcrumb\",\"itemListElement\":[{\"@type\":\"ListItem\",\"position\":1,\"name\":\"Portada\",\"item\":\"https:\\\/\\\/danieljesuslorenzo.com\\\/\"},{\"@type\":\"ListItem\",\"position\":2,\"name\":\"Inicio\"}]},{\"@type\":\"WebSite\",\"@id\":\"https:\\\/\\\/danieljesuslorenzo.com\\\/#website\",\"url\":\"https:\\\/\\\/danieljesuslorenzo.com\\\/\",\"name\":\"Daniel Jesus Lorenzo Martin\",\"description\":\"Daniel Jesus Lorenzo Martin\",\"publisher\":{\"@id\":\"https:\\\/\\\/danieljesuslorenzo.com\\\/#organization\"},\"potentialAction\":[{\"@type\":\"SearchAction\",\"target\":{\"@type\":\"EntryPoint\",\"urlTemplate\":\"https:\\\/\\\/danieljesuslorenzo.com\\\/?s={search_term_string}\"},\"query-input\":{\"@type\":\"PropertyValueSpecification\",\"valueRequired\":true,\"valueName\":\"search_term_string\"}}],\"inLanguage\":\"en-GB\"},{\"@type\":\"Organization\",\"@id\":\"https:\\\/\\\/danieljesuslorenzo.com\\\/#organization\",\"name\":\"Daniel Jesus Lorenzo Martin\",\"url\":\"https:\\\/\\\/danieljesuslorenzo.com\\\/\",\"logo\":{\"@type\":\"ImageObject\",\"inLanguage\":\"en-GB\",\"@id\":\"https:\\\/\\\/danieljesuslorenzo.com\\\/#\\\/schema\\\/logo\\\/image\\\/\",\"url\":\"https:\\\/\\\/danieljesuslorenzo.com\\\/wp-content\\\/uploads\\\/2026\\\/03\\\/cropped-1.png\",\"contentUrl\":\"https:\\\/\\\/danieljesuslorenzo.com\\\/wp-content\\\/uploads\\\/2026\\\/03\\\/cropped-1.png\",\"width\":2000,\"height\":1619,\"caption\":\"Daniel Jesus Lorenzo Martin\"},\"image\":{\"@id\":\"https:\\\/\\\/danieljesuslorenzo.com\\\/#\\\/schema\\\/logo\\\/image\\\/\"}}]}<\/script>\n<!-- \/ Yoast SEO plugin. -->","yoast_head_json":{"title":"Inicio - Daniel Jesus Lorenzo Martin","robots":{"index":"index","follow":"follow","max-snippet":"max-snippet:-1","max-image-preview":"max-image-preview:large","max-video-preview":"max-video-preview:-1"},"canonical":"https:\/\/danieljesuslorenzo.com\/en\/","og_locale":"en_GB","og_type":"article","og_title":"Inicio - Daniel Jesus Lorenzo Martin","og_description":"Daniel Jes\u00fas Lorenzo Mart\u00edn Gu\u00edas tur\u00edsticas en la Isla Canarias Tenerife y la Gomera Como guia tur\u00edstico ya m\u00e1s de un a\u00f1o de actividad en Tenerife y la Gomera como int\u00e9rprete del patrimonio cultural y como informador tur\u00edstico, brindando informaci\u00f3n valiosa y compartiendo la riqueza hist\u00f3rica y cultural de estas hermosas islas con los visitantes. [&hellip;]","og_url":"https:\/\/danieljesuslorenzo.com\/en\/","og_site_name":"Daniel Jesus Lorenzo Martin","article_modified_time":"2026-03-06T15:59:12+00:00","og_image":[{"url":"https:\/\/danieljesuslorenzo.com\/wp-content\/uploads\/2026\/03\/329.jpg","type":"","width":"","height":""}],"twitter_card":"summary_large_image","twitter_misc":{"Estimated reading time":"1 minute"},"schema":{"@context":"https:\/\/schema.org","@graph":[{"@type":"WebPage","@id":"https:\/\/danieljesuslorenzo.com\/","url":"https:\/\/danieljesuslorenzo.com\/","name":"Inicio - Daniel Jesus Lorenzo Martin","isPartOf":{"@id":"https:\/\/danieljesuslorenzo.com\/#website"},"primaryImageOfPage":{"@id":"https:\/\/danieljesuslorenzo.com\/#primaryimage"},"image":{"@id":"https:\/\/danieljesuslorenzo.com\/#primaryimage"},"thumbnailUrl":"https:\/\/danieljesuslorenzo.com\/wp-content\/uploads\/2026\/03\/329.jpg","datePublished":"2026-03-06T11:50:06+00:00","dateModified":"2026-03-06T15:59:12+00:00","breadcrumb":{"@id":"https:\/\/danieljesuslorenzo.com\/#breadcrumb"},"inLanguage":"en-GB","potentialAction":[{"@type":"ReadAction","target":["https:\/\/danieljesuslorenzo.com\/"]}]},{"@type":"ImageObject","inLanguage":"en-GB","@id":"https:\/\/danieljesuslorenzo.com\/#primaryimage","url":"https:\/\/danieljesuslorenzo.com\/wp-content\/uploads\/2026\/03\/329.jpg","contentUrl":"https:\/\/danieljesuslorenzo.com\/wp-content\/uploads\/2026\/03\/329.jpg"},{"@type":"BreadcrumbList","@id":"https:\/\/danieljesuslorenzo.com\/#breadcrumb","itemListElement":[{"@type":"ListItem","position":1,"name":"Portada","item":"https:\/\/danieljesuslorenzo.com\/"},{"@type":"ListItem","position":2,"name":"Inicio"}]},{"@type":"WebSite","@id":"https:\/\/danieljesuslorenzo.com\/#website","url":"https:\/\/danieljesuslorenzo.com\/","name":"Daniel Jesus Lorenzo Martin","description":"Daniel Jesus Lorenzo Martin","publisher":{"@id":"https:\/\/danieljesuslorenzo.com\/#organization"},"potentialAction":[{"@type":"SearchAction","target":{"@type":"EntryPoint","urlTemplate":"https:\/\/danieljesuslorenzo.com\/?s={search_term_string}"},"query-input":{"@type":"PropertyValueSpecification","valueRequired":true,"valueName":"search_term_string"}}],"inLanguage":"en-GB"},{"@type":"Organization","@id":"https:\/\/danieljesuslorenzo.com\/#organization","name":"Daniel Jesus Lorenzo Martin","url":"https:\/\/danieljesuslorenzo.com\/","logo":{"@type":"ImageObject","inLanguage":"en-GB","@id":"https:\/\/danieljesuslorenzo.com\/#\/schema\/logo\/image\/","url":"https:\/\/danieljesuslorenzo.com\/wp-content\/uploads\/2026\/03\/cropped-1.png","contentUrl":"https:\/\/danieljesuslorenzo.com\/wp-content\/uploads\/2026\/03\/cropped-1.png","width":2000,"height":1619,"caption":"Daniel Jesus Lorenzo Martin"},"image":{"@id":"https:\/\/danieljesuslorenzo.com\/#\/schema\/logo\/image\/"}}]}},"_links":{"self":[{"href":"https:\/\/danieljesuslorenzo.com\/en\/wp-json\/wp\/v2\/pages\/2","targetHints":{"allow":["GET"]}}],"collection":[{"href":"https:\/\/danieljesuslorenzo.com\/en\/wp-json\/wp\/v2\/pages"}],"about":[{"href":"https:\/\/danieljesuslorenzo.com\/en\/wp-json\/wp\/v2\/types\/page"}],"author":[{"embeddable":true,"href":"https:\/\/danieljesuslorenzo.com\/en\/wp-json\/wp\/v2\/users\/1"}],"replies":[{"embeddable":true,"href":"https:\/\/danieljesuslorenzo.com\/en\/wp-json\/wp\/v2\/comments?post=2"}],"version-history":[{"count":56,"href":"https:\/\/danieljesuslorenzo.com\/en\/wp-json\/wp\/v2\/pages\/2\/revisions"}],"predecessor-version":[{"id":364,"href":"https:\/\/danieljesuslorenzo.com\/en\/wp-json\/wp\/v2\/pages\/2\/revisions\/364"}],"wp:attachment":[{"href":"https:\/\/danieljesuslorenzo.com\/en\/wp-json\/wp\/v2\/media?parent=2"}],"curies":[{"name":"wp","href":"https:\/\/api.w.org\/{rel}","templated":true}]}}